{"id":261,"date":"2021-04-09T10:12:47","date_gmt":"2021-04-09T08:12:47","guid":{"rendered":"http:\/\/monenveloppebulles.fr\/?page_id=261"},"modified":"2021-04-12T10:56:20","modified_gmt":"2021-04-12T08:56:20","slug":"informations-pratiques-2","status":"publish","type":"page","link":"https:\/\/monenveloppebulles.fr\/index.php\/informations-pratiques-2\/","title":{"rendered":"Informations pratiques"},"content":{"rendered":"<div style=\"display: none;\"\n    class=\"kk-star-ratings kksr-valign-top kksr-align-left \"\n    data-id=\"261\"\n    data-slug=\"\">\n    <div class=\"kksr-stars\">\n    <div class=\"kksr-stars-inactive\">\n            <div class=\"kksr-star\" data-star=\"1\">\n            <div class=\"kksr-icon\" style=\"width: 24px; height: 24px;\"><\/div>\n        <\/div>\n            <div class=\"kksr-star\" data-star=\"2\">\n            <div class=\"kksr-icon\" style=\"width: 24px; height: 24px;\"><\/div>\n        <\/div>\n            <div class=\"kksr-star\" data-star=\"3\">\n            <div class=\"kksr-icon\" style=\"width: 24px; height: 24px;\"><\/div>\n        <\/div>\n            <div class=\"kksr-star\" data-star=\"4\">\n            <div class=\"kksr-icon\" style=\"width: 24px; height: 24px;\"><\/div>\n        <\/div>\n            <div class=\"kksr-star\" data-star=\"5\">\n            <div class=\"kksr-icon\" style=\"width: 24px; height: 24px;\"><\/div>\n        <\/div>\n    <\/div>\n    <div class=\"kksr-stars-active\" style=\"width: 140px;\">\n            <div class=\"kksr-star\">\n            <div class=\"kksr-icon\" style=\"width: 24px; height: 24px;\"><\/div>\n        <\/div>\n            <div class=\"kksr-star\">\n            <div class=\"kksr-icon\" style=\"width: 24px; height: 24px;\"><\/div>\n        <\/div>\n            <div class=\"kksr-star\">\n            <div class=\"kksr-icon\" style=\"width: 24px; height: 24px;\"><\/div>\n        <\/div>\n            <div class=\"kksr-star\">\n            <div class=\"kksr-icon\" style=\"width: 24px; height: 24px;\"><\/div>\n        <\/div>\n            <div class=\"kksr-star\">\n            <div class=\"kksr-icon\" style=\"width: 24px; height: 24px;\"><\/div>\n        <\/div>\n    <\/div>\n<\/div>\n    <div class=\"kksr-legend\">\n            <strong class=\"kksr-score\">5<\/strong>\n        <span class=\"kksr-muted\">\/<\/span>\n        <strong>5<\/strong>\n        <span class=\"kksr-muted\">(<\/span>\n        <strong class=\"kksr-count\">1<\/strong>\n        <span class=\"kksr-muted\">\n            vote        <\/span>\n        <span class=\"kksr-muted\">)<\/span>\n    <\/div>\n<\/div>\n\t\t<div data-elementor-type=\"wp-page\" data-elementor-id=\"261\" class=\"elementor elementor-261\" data-elementor-settings=\"[]\">\n\t\t\t\t\t\t\t<div class=\"elementor-section-wrap\">\n\t\t\t\t\t\t\t<section class=\"elementor-section elementor-top-section elementor-element elementor-element-31f5fe9c elementor-section-boxed elementor-section-height-default elementor-section-height-default\" data-id=\"31f5fe9c\" data-element_type=\"section\">\n\t\t\t\t\t\t<div class=\"elementor-container elementor-column-gap-default\">\n\t\t\t\t\t<div class=\"elementor-column elementor-col-100 elementor-top-column elementor-element elementor-element-22acf684\" data-id=\"22acf684\" data-element_type=\"column\">\n\t\t\t<div class=\"elementor-widget-wrap elementor-element-populated\">\n\t\t\t\t\t\t\t\t<div class=\"elementor-element elementor-element-13613858 elementor-widget elementor-widget-text-editor\" data-id=\"13613858\" data-element_type=\"widget\" data-widget_type=\"text-editor.default\">\n\t\t\t\t<div class=\"elementor-widget-container\">\n\t\t\t\t\t<div class=\"elementor-text-editor elementor-clearfix\"><!-- wp:themeisle-blocks\/advanced-columns {\"id\":\"wp-block-themeisle-blocks-advanced-columns-87c5c371\"} -->\n<div class=\"wp-block-themeisle-blocks-advanced-columns has-undefined-columns has-desktop-undefined-layout has-tablet-equal-layout has-mobile-equal-layout has-default-gap has-vertical-unset\" id=\"wp-block-themeisle-blocks-advanced-columns-87c5c371\"><div class=\"wp-block-themeisle-blocks-advanced-columns-overlay\"><\/div><div class=\"innerblocks-wrap\"><\/div><\/div>\n<!-- \/wp:themeisle-blocks\/advanced-columns --><\/div>\n\t\t\t\t<\/div>\n\t\t\t\t<\/div>\n\t\t\t\t\t<\/div>\n\t\t<\/div>\n\t\t\t\t\t\t\t<\/div>\n\t\t<\/section>\n\t\t\t\t<section class=\"elementor-section elementor-top-section elementor-element elementor-element-14c9a97 elementor-section-boxed elementor-section-height-default elementor-section-height-default\" data-id=\"14c9a97\" data-element_type=\"section\">\n\t\t\t\t\t\t<div class=\"elementor-container elementor-column-gap-default\">\n\t\t\t\t\t<div class=\"elementor-column elementor-col-100 elementor-top-column elementor-element elementor-element-4189c74\" data-id=\"4189c74\" data-element_type=\"column\">\n\t\t\t<div class=\"elementor-widget-wrap elementor-element-populated\">\n\t\t\t\t\t\t\t\t<div class=\"elementor-element elementor-element-7fe0de5 elementor-widget elementor-widget-heading\" data-id=\"7fe0de5\" data-element_type=\"widget\" data-widget_type=\"heading.default\">\n\t\t\t\t<div class=\"elementor-widget-container\">\n\t\t\t<h2 class=\"elementor-heading-title elementor-size-default\">Informations pratiques<\/h2>\t\t<\/div>\n\t\t\t\t<\/div>\n\t\t\t\t\t<\/div>\n\t\t<\/div>\n\t\t\t\t\t\t\t<\/div>\n\t\t<\/section>\n\t\t\t\t<section class=\"elementor-section elementor-top-section elementor-element elementor-element-1f75d9da elementor-section-height-min-height elementor-section-content-middle elementor-section-boxed elementor-section-height-default elementor-section-items-middle\" data-id=\"1f75d9da\" data-element_type=\"section\" data-settings=\"{&quot;background_background&quot;:&quot;classic&quot;}\">\n\t\t\t\t\t\t<div class=\"elementor-container elementor-column-gap-default\">\n\t\t\t\t\t<div class=\"elementor-column elementor-col-50 elementor-top-column elementor-element elementor-element-f4fdb5e\" data-id=\"f4fdb5e\" data-element_type=\"column\">\n\t\t\t<div class=\"elementor-widget-wrap elementor-element-populated\">\n\t\t\t\t\t\t\t\t<div class=\"elementor-element elementor-element-79554fc3 elementor-widget-divider--view-line elementor-widget elementor-widget-divider\" data-id=\"79554fc3\" data-element_type=\"widget\" data-widget_type=\"divider.default\">\n\t\t\t\t<div class=\"elementor-widget-container\">\n\t\t\t\t\t<div class=\"elementor-divider\">\n\t\t\t<span class=\"elementor-divider-separator\">\n\t\t\t\t\t\t<\/span>\n\t\t<\/div>\n\t\t\t\t<\/div>\n\t\t\t\t<\/div>\n\t\t\t\t<div class=\"elementor-element elementor-element-6c8e367b elementor-widget elementor-widget-heading\" data-id=\"6c8e367b\" data-element_type=\"widget\" data-widget_type=\"heading.default\">\n\t\t\t\t<div class=\"elementor-widget-container\">\n\t\t\t<h3 class=\"elementor-heading-title elementor-size-large\">faites l'experience de la personnalisation\n<\/h3>\t\t<\/div>\n\t\t\t\t<\/div>\n\t\t\t\t<div class=\"elementor-element elementor-element-15f5720a elementor-widget elementor-widget-text-editor\" data-id=\"15f5720a\" data-element_type=\"widget\" data-widget_type=\"text-editor.default\">\n\t\t\t\t<div class=\"elementor-widget-container\">\n\t\t\t\t\t<div class=\"elementor-text-editor elementor-clearfix\"><p>Personnaliser son enveloppe bulles c&rsquo;est se distinguer, c&rsquo;est d\u00e9finir votre identit\u00e9 et communiquer autour de celle-ci. Que vous vouliez imprimer en une ou plusieurs couleurs, d&rsquo;un c\u00f4t\u00e9 ou de l&rsquo;autre du support; tout est possible pour cr\u00e9er l&rsquo;enveloppe bulles qui vous ressemble !<\/p><\/div>\n\t\t\t\t<\/div>\n\t\t\t\t<\/div>\n\t\t\t\t\t<\/div>\n\t\t<\/div>\n\t\t\t\t<div class=\"elementor-column elementor-col-50 elementor-top-column elementor-element elementor-element-7af93247\" data-id=\"7af93247\" data-element_type=\"column\">\n\t\t\t<div class=\"elementor-widget-wrap elementor-element-populated\">\n\t\t\t\t\t\t\t\t<div class=\"elementor-element elementor-element-46f636b4 elementor-widget elementor-widget-image\" data-id=\"46f636b4\" data-element_type=\"widget\" data-widget_type=\"image.default\">\n\t\t\t\t<div class=\"elementor-widget-container\">\n\t\t\t\t\t<div class=\"elementor-image\">\n\t\t\t\t\t\t\t\t\t\t<img width=\"512\" height=\"512\" src=\"https:\/\/monenveloppebulles.fr\/wp-content\/uploads\/2021\/04\/1470399607_Illustration.png\" class=\"attachment-full size-full\" alt=\"\" loading=\"lazy\" srcset=\"https:\/\/monenveloppebulles.fr\/wp-content\/uploads\/2021\/04\/1470399607_Illustration.png 512w, https:\/\/monenveloppebulles.fr\/wp-content\/uploads\/2021\/04\/1470399607_Illustration-300x300.png 300w, https:\/\/monenveloppebulles.fr\/wp-content\/uploads\/2021\/04\/1470399607_Illustration-150x150.png 150w\" sizes=\"(max-width: 512px) 100vw, 512px\" \/>\t\t\t\t\t\t\t\t\t\t\t<\/div>\n\t\t\t\t<\/div>\n\t\t\t\t<\/div>\n\t\t\t\t\t<\/div>\n\t\t<\/div>\n\t\t\t\t\t\t\t<\/div>\n\t\t<\/section>\n\t\t\t\t<section class=\"elementor-section elementor-top-section elementor-element elementor-element-385551ab elementor-section-height-min-height elementor-section-content-middle elementor-reverse-mobile elementor-section-boxed elementor-section-height-default elementor-section-items-middle\" data-id=\"385551ab\" data-element_type=\"section\" data-settings=\"{&quot;background_background&quot;:&quot;none&quot;}\">\n\t\t\t\t\t\t<div class=\"elementor-container elementor-column-gap-default\">\n\t\t\t\t\t<div class=\"elementor-column elementor-col-50 elementor-top-column elementor-element elementor-element-2d79cbb7\" data-id=\"2d79cbb7\" data-element_type=\"column\">\n\t\t\t<div class=\"elementor-widget-wrap elementor-element-populated\">\n\t\t\t\t\t\t\t\t<div class=\"elementor-element elementor-element-111fbd90 elementor-widget elementor-widget-image\" data-id=\"111fbd90\" data-element_type=\"widget\" data-widget_type=\"image.default\">\n\t\t\t\t<div class=\"elementor-widget-container\">\n\t\t\t\t\t<div class=\"elementor-image\">\n\t\t\t\t\t\t\t\t\t\t<img width=\"512\" height=\"512\" src=\"https:\/\/monenveloppebulles.fr\/wp-content\/uploads\/2021\/04\/1470399614_Social_Media.png\" class=\"attachment-full size-full\" alt=\"\" loading=\"lazy\" srcset=\"https:\/\/monenveloppebulles.fr\/wp-content\/uploads\/2021\/04\/1470399614_Social_Media.png 512w, https:\/\/monenveloppebulles.fr\/wp-content\/uploads\/2021\/04\/1470399614_Social_Media-300x300.png 300w, https:\/\/monenveloppebulles.fr\/wp-content\/uploads\/2021\/04\/1470399614_Social_Media-150x150.png 150w\" sizes=\"(max-width: 512px) 100vw, 512px\" \/>\t\t\t\t\t\t\t\t\t\t\t<\/div>\n\t\t\t\t<\/div>\n\t\t\t\t<\/div>\n\t\t\t\t\t<\/div>\n\t\t<\/div>\n\t\t\t\t<div class=\"elementor-column elementor-col-50 elementor-top-column elementor-element elementor-element-79267e33\" data-id=\"79267e33\" data-element_type=\"column\">\n\t\t\t<div class=\"elementor-widget-wrap elementor-element-populated\">\n\t\t\t\t\t\t\t\t<div class=\"elementor-element elementor-element-24ba400d elementor-widget-divider--view-line elementor-widget elementor-widget-divider\" data-id=\"24ba400d\" data-element_type=\"widget\" data-widget_type=\"divider.default\">\n\t\t\t\t<div class=\"elementor-widget-container\">\n\t\t\t\t\t<div class=\"elementor-divider\">\n\t\t\t<span class=\"elementor-divider-separator\">\n\t\t\t\t\t\t<\/span>\n\t\t<\/div>\n\t\t\t\t<\/div>\n\t\t\t\t<\/div>\n\t\t\t\t<div class=\"elementor-element elementor-element-504b080 elementor-widget elementor-widget-heading\" data-id=\"504b080\" data-element_type=\"widget\" data-widget_type=\"heading.default\">\n\t\t\t\t<div class=\"elementor-widget-container\">\n\t\t\t<h3 class=\"elementor-heading-title elementor-size-large\">L'enveloppe : un moyen de communication<\/h3>\t\t<\/div>\n\t\t\t\t<\/div>\n\t\t\t\t<div class=\"elementor-element elementor-element-740ab5a elementor-widget elementor-widget-text-editor\" data-id=\"740ab5a\" data-element_type=\"widget\" data-widget_type=\"text-editor.default\">\n\t\t\t\t<div class=\"elementor-widget-container\">\n\t\t\t\t\t<div class=\"elementor-text-editor elementor-clearfix\"><p><strong>DEFINITION DU DICTIONNAIRE : \u00ab\u00a0ENVELOPPE\u00a0\u00bb<\/strong><\/p><\/div>\n\t\t\t\t<\/div>\n\t\t\t\t<\/div>\n\t\t\t\t<div class=\"elementor-element elementor-element-2447c0df elementor-widget elementor-widget-text-editor\" data-id=\"2447c0df\" data-element_type=\"widget\" data-widget_type=\"text-editor.default\">\n\t\t\t\t<div class=\"elementor-widget-container\">\n\t\t\t\t\t<div class=\"elementor-text-editor elementor-clearfix\"><p><strong style=\"font-size: 15px;\">1\u00b0<\/strong><span style=\"font-size: 15px;\">\u00a0<\/span><em style=\"font-size: 15px;\">(an-ve-lo-p&rsquo;) s. f.<\/em><br style=\"font-size: 15px;\" \/><em style=\"font-size: 15px;\">Ce qui enveloppe, sert \u00e0 envelopper.<\/em><\/p><\/div>\n\t\t\t\t<\/div>\n\t\t\t\t<\/div>\n\t\t\t\t<div class=\"elementor-element elementor-element-1a28131 elementor-widget elementor-widget-text-editor\" data-id=\"1a28131\" data-element_type=\"widget\" data-widget_type=\"text-editor.default\">\n\t\t\t\t<div class=\"elementor-widget-container\">\n\t\t\t\t\t<div class=\"elementor-text-editor elementor-clearfix\"><p>Ah &#8230; notre ami le dictionnaire ! Si utile mais aussi parfois tellement r\u00e9ducteur&#8230; Ne l&rsquo;\u00e9coutez pas ! L&rsquo;enveloppe n&rsquo;est pas seulement une couche de papier avec une adresse. Elle est aussi un outil de communication \u00e9conomique. Servez-vous en pour d\u00e9finir l&rsquo;identit\u00e9 de votre marque, impressionez vos clients avant m\u00eame qu&rsquo;ils aient d\u00e9couvert le contenu de celle-ci.<\/p><\/div>\n\t\t\t\t<\/div>\n\t\t\t\t<\/div>\n\t\t\t\t\t<\/div>\n\t\t<\/div>\n\t\t\t\t\t\t\t<\/div>\n\t\t<\/section>\n\t\t\t\t<section class=\"elementor-section elementor-top-section elementor-element elementor-element-4e119a6a elementor-section-height-min-height elementor-section-content-middle elementor-section-boxed elementor-section-height-default elementor-section-items-middle\" data-id=\"4e119a6a\" data-element_type=\"section\" data-settings=\"{&quot;background_background&quot;:&quot;classic&quot;}\">\n\t\t\t\t\t\t<div class=\"elementor-container elementor-column-gap-default\">\n\t\t\t\t\t<div class=\"elementor-column elementor-col-50 elementor-top-column elementor-element elementor-element-16b5c995\" data-id=\"16b5c995\" data-element_type=\"column\">\n\t\t\t<div class=\"elementor-widget-wrap elementor-element-populated\">\n\t\t\t\t\t\t\t\t<div class=\"elementor-element elementor-element-75c14776 elementor-widget-divider--view-line elementor-widget elementor-widget-divider\" data-id=\"75c14776\" data-element_type=\"widget\" data-widget_type=\"divider.default\">\n\t\t\t\t<div class=\"elementor-widget-container\">\n\t\t\t\t\t<div class=\"elementor-divider\">\n\t\t\t<span class=\"elementor-divider-separator\">\n\t\t\t\t\t\t<\/span>\n\t\t<\/div>\n\t\t\t\t<\/div>\n\t\t\t\t<\/div>\n\t\t\t\t<div class=\"elementor-element elementor-element-5b8c28e0 elementor-widget elementor-widget-heading\" data-id=\"5b8c28e0\" data-element_type=\"widget\" data-widget_type=\"heading.default\">\n\t\t\t\t<div class=\"elementor-widget-container\">\n\t\t\t<h3 class=\"elementor-heading-title elementor-size-large\">innovation<\/h3>\t\t<\/div>\n\t\t\t\t<\/div>\n\t\t\t\t<div class=\"elementor-element elementor-element-105156b6 elementor-widget elementor-widget-text-editor\" data-id=\"105156b6\" data-element_type=\"widget\" data-widget_type=\"text-editor.default\">\n\t\t\t\t<div class=\"elementor-widget-container\">\n\t\t\t\t\t<div class=\"elementor-text-editor elementor-clearfix\"><p>A chacun son enveloppe bulles ! Que cela concerne les couleurs ou les mat\u00e9riaux; nous innovons en vous proposant la solution qui vous correspond. Chez monenveloppebulles nous pensons que travailler avec des mat\u00e9riaux \u00e9co responsable doit devenir la priorit\u00e9. C&rsquo;est pourquoi nous avons r\u00e9cemment \u00e9largi notre gamme de produit avec les enveloppes en papier herbe !<\/p><\/div>\n\t\t\t\t<\/div>\n\t\t\t\t<\/div>\n\t\t\t\t\t<\/div>\n\t\t<\/div>\n\t\t\t\t<div class=\"elementor-column elementor-col-50 elementor-top-column elementor-element elementor-element-4786c6e0\" data-id=\"4786c6e0\" data-element_type=\"column\">\n\t\t\t<div class=\"elementor-widget-wrap elementor-element-populated\">\n\t\t\t\t\t\t\t\t<div class=\"elementor-element elementor-element-424d2317 elementor-widget elementor-widget-image\" data-id=\"424d2317\" data-element_type=\"widget\" data-widget_type=\"image.default\">\n\t\t\t\t<div class=\"elementor-widget-container\">\n\t\t\t\t\t<div class=\"elementor-image\">\n\t\t\t\t\t\t\t\t\t\t<img width=\"500\" height=\"500\" src=\"https:\/\/monenveloppebulles.fr\/wp-content\/uploads\/2021\/04\/Pictogramme-developpement-durable.png\" class=\"attachment-full size-full\" alt=\"\" loading=\"lazy\" srcset=\"https:\/\/monenveloppebulles.fr\/wp-content\/uploads\/2021\/04\/Pictogramme-developpement-durable.png 500w, https:\/\/monenveloppebulles.fr\/wp-content\/uploads\/2021\/04\/Pictogramme-developpement-durable-300x300.png 300w, https:\/\/monenveloppebulles.fr\/wp-content\/uploads\/2021\/04\/Pictogramme-developpement-durable-150x150.png 150w\" sizes=\"(max-width: 500px) 100vw, 500px\" \/>\t\t\t\t\t\t\t\t\t\t\t<\/div>\n\t\t\t\t<\/div>\n\t\t\t\t<\/div>\n\t\t\t\t\t<\/div>\n\t\t<\/div>\n\t\t\t\t\t\t\t<\/div>\n\t\t<\/section>\n\t\t\t\t\t\t<\/div>\n\t\t\t\t\t<\/div>\n\t\t","protected":false},"excerpt":{"rendered":"<p>5 \/ 5 ( 1 vote ) Informations pratiques faites l&rsquo;experience de la personnalisation Personnaliser son enveloppe bulles c&rsquo;est se distinguer, c&rsquo;est d\u00e9finir votre identit\u00e9 et communiquer autour de celle-ci. Que vous vouliez imprimer en une ou plusieurs couleurs, d&rsquo;un c\u00f4t\u00e9 ou de l&rsquo;autre du support; tout est possible pour [&hellip;]<\/p>\n","protected":false},"author":1,"featured_media":0,"parent":0,"menu_order":0,"comment_status":"closed","ping_status":"closed","template":"page-templates\/template-pagebuilder-full-width.php","meta":[],"yoast_head":"<!-- This site is optimized with the Yoast SEO plugin v16.1 - https:\/\/yoast.com\/wordpress\/plugins\/seo\/ -->\n<title>Informations pratiques - www.monenveloppebulles.fr<\/title>\n<link rel=\"canonical\" href=\"https:\/\/monenveloppebulles.fr\/index.php\/informations-pratiques-2\/\" \/>\n<meta property=\"og:locale\" content=\"fr_FR\" \/>\n<meta property=\"og:type\" content=\"article\" \/>\n<meta property=\"og:title\" content=\"Informations pratiques - www.monenveloppebulles.fr\" \/>\n<meta property=\"og:description\" content=\"5 \/ 5 ( 1 vote ) Informations pratiques faites l&rsquo;experience de la personnalisation Personnaliser son enveloppe bulles c&rsquo;est se distinguer, c&rsquo;est d\u00e9finir votre identit\u00e9 et communiquer autour de celle-ci. Que vous vouliez imprimer en une ou plusieurs couleurs, d&rsquo;un c\u00f4t\u00e9 ou de l&rsquo;autre du support; tout est possible pour [&hellip;]\" \/>\n<meta property=\"og:url\" content=\"https:\/\/monenveloppebulles.fr\/index.php\/informations-pratiques-2\/\" \/>\n<meta property=\"og:site_name\" content=\"www.monenveloppebulles.fr\" \/>\n<meta property=\"article:modified_time\" content=\"2021-04-12T08:56:20+00:00\" \/>\n<meta property=\"og:image\" content=\"http:\/\/monenveloppebulles.fr\/wp-content\/uploads\/2021\/04\/1470399607_Illustration.png\" \/>\n<meta name=\"twitter:card\" content=\"summary_large_image\" \/>\n<meta name=\"twitter:label1\" content=\"Dur\u00e9e de lecture est.\">\n\t<meta name=\"twitter:data1\" content=\"2 minutes\">\n<script type=\"application\/ld+json\" class=\"yoast-schema-graph\">{\"@context\":\"https:\/\/schema.org\",\"@graph\":[{\"@type\":\"WebSite\",\"@id\":\"https:\/\/monenveloppebulles.fr\/#website\",\"url\":\"https:\/\/monenveloppebulles.fr\/\",\"name\":\"www.monenveloppebulles.fr\",\"description\":\"Prot\\u00e9gez vos envois\",\"potentialAction\":[{\"@type\":\"SearchAction\",\"target\":\"https:\/\/monenveloppebulles.fr\/?s={search_term_string}\",\"query-input\":\"required name=search_term_string\"}],\"inLanguage\":\"fr-FR\"},{\"@type\":\"ImageObject\",\"@id\":\"https:\/\/monenveloppebulles.fr\/index.php\/informations-pratiques-2\/#primaryimage\",\"inLanguage\":\"fr-FR\",\"url\":\"http:\/\/monenveloppebulles.fr\/wp-content\/uploads\/2021\/04\/1470399607_Illustration.png\",\"contentUrl\":\"http:\/\/monenveloppebulles.fr\/wp-content\/uploads\/2021\/04\/1470399607_Illustration.png\"},{\"@type\":\"WebPage\",\"@id\":\"https:\/\/monenveloppebulles.fr\/index.php\/informations-pratiques-2\/#webpage\",\"url\":\"https:\/\/monenveloppebulles.fr\/index.php\/informations-pratiques-2\/\",\"name\":\"Informations pratiques - www.monenveloppebulles.fr\",\"isPartOf\":{\"@id\":\"https:\/\/monenveloppebulles.fr\/#website\"},\"primaryImageOfPage\":{\"@id\":\"https:\/\/monenveloppebulles.fr\/index.php\/informations-pratiques-2\/#primaryimage\"},\"datePublished\":\"2021-04-09T08:12:47+00:00\",\"dateModified\":\"2021-04-12T08:56:20+00:00\",\"breadcrumb\":{\"@id\":\"https:\/\/monenveloppebulles.fr\/index.php\/informations-pratiques-2\/#breadcrumb\"},\"inLanguage\":\"fr-FR\",\"potentialAction\":[{\"@type\":\"ReadAction\",\"target\":[\"https:\/\/monenveloppebulles.fr\/index.php\/informations-pratiques-2\/\"]}]},{\"@type\":\"BreadcrumbList\",\"@id\":\"https:\/\/monenveloppebulles.fr\/index.php\/informations-pratiques-2\/#breadcrumb\",\"itemListElement\":[{\"@type\":\"ListItem\",\"position\":1,\"item\":{\"@type\":\"WebPage\",\"@id\":\"https:\/\/monenveloppebulles.fr\/\",\"url\":\"https:\/\/monenveloppebulles.fr\/\",\"name\":\"Accueil\"}},{\"@type\":\"ListItem\",\"position\":2,\"item\":{\"@type\":\"WebPage\",\"@id\":\"https:\/\/monenveloppebulles.fr\/index.php\/informations-pratiques-2\/\",\"url\":\"https:\/\/monenveloppebulles.fr\/index.php\/informations-pratiques-2\/\",\"name\":\"Informations pratiques\"}}]}]}<\/script>\n<!-- \/ Yoast SEO plugin. -->","amp_validity":null,"amp_enabled":true,"_links":{"self":[{"href":"https:\/\/monenveloppebulles.fr\/index.php\/wp-json\/wp\/v2\/pages\/261"}],"collection":[{"href":"https:\/\/monenveloppebulles.fr\/index.php\/wp-json\/wp\/v2\/pages"}],"about":[{"href":"https:\/\/monenveloppebulles.fr\/index.php\/wp-json\/wp\/v2\/types\/page"}],"author":[{"embeddable":true,"href":"https:\/\/monenveloppebulles.fr\/index.php\/wp-json\/wp\/v2\/users\/1"}],"replies":[{"embeddable":true,"href":"https:\/\/monenveloppebulles.fr\/index.php\/wp-json\/wp\/v2\/comments?post=261"}],"version-history":[{"count":40,"href":"https:\/\/monenveloppebulles.fr\/index.php\/wp-json\/wp\/v2\/pages\/261\/revisions"}],"predecessor-version":[{"id":383,"href":"https:\/\/monenveloppebulles.fr\/index.php\/wp-json\/wp\/v2\/pages\/261\/revisions\/383"}],"wp:attachment":[{"href":"https:\/\/monenveloppebulles.fr\/index.php\/wp-json\/wp\/v2\/media?parent=261"}],"curies":[{"name":"wp","href":"https:\/\/api.w.org\/{rel}","templated":true}]}}