{"id":288,"date":"2021-04-09T10:22:16","date_gmt":"2021-04-09T08:22:16","guid":{"rendered":"http:\/\/monenveloppebulles.fr\/?page_id=288"},"modified":"2021-04-13T09:55:36","modified_gmt":"2021-04-13T07:55:36","slug":"a-propos","status":"publish","type":"page","link":"https:\/\/monenveloppebulles.fr\/index.php\/a-propos\/","title":{"rendered":"A propos"},"content":{"rendered":"<div style=\"display: none;\"\n    class=\"kk-star-ratings kksr-valign-top kksr-align-left \"\n    data-id=\"288\"\n    data-slug=\"\">\n    <div class=\"kksr-stars\">\n    <div class=\"kksr-stars-inactive\">\n            <div class=\"kksr-star\" data-star=\"1\">\n            <div class=\"kksr-icon\" style=\"width: 24px; height: 24px;\"><\/div>\n        <\/div>\n            <div class=\"kksr-star\" data-star=\"2\">\n            <div class=\"kksr-icon\" style=\"width: 24px; height: 24px;\"><\/div>\n        <\/div>\n            <div class=\"kksr-star\" data-star=\"3\">\n            <div class=\"kksr-icon\" style=\"width: 24px; height: 24px;\"><\/div>\n        <\/div>\n            <div class=\"kksr-star\" data-star=\"4\">\n            <div class=\"kksr-icon\" style=\"width: 24px; height: 24px;\"><\/div>\n        <\/div>\n            <div class=\"kksr-star\" data-star=\"5\">\n            <div class=\"kksr-icon\" style=\"width: 24px; height: 24px;\"><\/div>\n        <\/div>\n    <\/div>\n    <div class=\"kksr-stars-active\" style=\"width: 0px;\">\n            <div class=\"kksr-star\">\n            <div class=\"kksr-icon\" style=\"width: 24px; height: 24px;\"><\/div>\n        <\/div>\n            <div class=\"kksr-star\">\n            <div class=\"kksr-icon\" style=\"width: 24px; height: 24px;\"><\/div>\n        <\/div>\n            <div class=\"kksr-star\">\n            <div class=\"kksr-icon\" style=\"width: 24px; height: 24px;\"><\/div>\n        <\/div>\n            <div class=\"kksr-star\">\n            <div class=\"kksr-icon\" style=\"width: 24px; height: 24px;\"><\/div>\n        <\/div>\n            <div class=\"kksr-star\">\n            <div class=\"kksr-icon\" style=\"width: 24px; height: 24px;\"><\/div>\n        <\/div>\n    <\/div>\n<\/div>\n    <div class=\"kksr-legend\">\n            <span class=\"kksr-muted\">Rate this page<\/span>\n    <\/div>\n<\/div>\n\t\t<div data-elementor-type=\"wp-page\" data-elementor-id=\"288\" class=\"elementor elementor-288\" data-elementor-settings=\"[]\">\n\t\t\t\t\t\t\t<div class=\"elementor-section-wrap\">\n\t\t\t\t\t\t\t<section class=\"elementor-section elementor-top-section elementor-element elementor-element-1e7bf9cd elementor-section-boxed elementor-section-height-default elementor-section-height-default\" data-id=\"1e7bf9cd\" data-element_type=\"section\">\n\t\t\t\t\t\t<div class=\"elementor-container elementor-column-gap-default\">\n\t\t\t\t\t<div class=\"elementor-column elementor-col-100 elementor-top-column elementor-element elementor-element-406ce255\" data-id=\"406ce255\" data-element_type=\"column\">\n\t\t\t<div class=\"elementor-widget-wrap elementor-element-populated\">\n\t\t\t\t\t\t\t\t<div class=\"elementor-element elementor-element-161f73fc elementor-widget elementor-widget-text-editor\" data-id=\"161f73fc\" data-element_type=\"widget\" data-widget_type=\"text-editor.default\">\n\t\t\t\t<div class=\"elementor-widget-container\">\n\t\t\t\t\t<div class=\"elementor-text-editor elementor-clearfix\"><!-- wp:themeisle-blocks\/advanced-columns {\"id\":\"wp-block-themeisle-blocks-advanced-columns-3e89df02\"} -->\n<div class=\"wp-block-themeisle-blocks-advanced-columns has-undefined-columns has-desktop-undefined-layout has-tablet-equal-layout has-mobile-equal-layout has-default-gap has-vertical-unset\" id=\"wp-block-themeisle-blocks-advanced-columns-3e89df02\"><div class=\"wp-block-themeisle-blocks-advanced-columns-overlay\"><\/div><div class=\"innerblocks-wrap\"><\/div><\/div>\n<!-- \/wp:themeisle-blocks\/advanced-columns --><\/div>\n\t\t\t\t<\/div>\n\t\t\t\t<\/div>\n\t\t\t\t<div class=\"elementor-element elementor-element-40cb546 elementor-widget elementor-widget-heading\" data-id=\"40cb546\" data-element_type=\"widget\" data-widget_type=\"heading.default\">\n\t\t\t\t<div class=\"elementor-widget-container\">\n\t\t\t<h2 class=\"elementor-heading-title elementor-size-default\">A propos de Mon enveloppe bulles<br><\/h2>\t\t<\/div>\n\t\t\t\t<\/div>\n\t\t\t\t<div class=\"elementor-element elementor-element-2edd1e4 elementor-widget-divider--view-line elementor-widget elementor-widget-divider\" data-id=\"2edd1e4\" data-element_type=\"widget\" data-widget_type=\"divider.default\">\n\t\t\t\t<div class=\"elementor-widget-container\">\n\t\t\t\t\t<div class=\"elementor-divider\">\n\t\t\t<span class=\"elementor-divider-separator\">\n\t\t\t\t\t\t<\/span>\n\t\t<\/div>\n\t\t\t\t<\/div>\n\t\t\t\t<\/div>\n\t\t\t\t\t<\/div>\n\t\t<\/div>\n\t\t\t\t\t\t\t<\/div>\n\t\t<\/section>\n\t\t\t\t<section class=\"elementor-section elementor-top-section elementor-element elementor-element-4ef620f elementor-section-boxed elementor-section-height-default elementor-section-height-default\" data-id=\"4ef620f\" data-element_type=\"section\">\n\t\t\t\t\t\t<div class=\"elementor-container elementor-column-gap-default\">\n\t\t\t\t\t<div class=\"elementor-column elementor-col-50 elementor-top-column elementor-element elementor-element-99acb3e\" data-id=\"99acb3e\" data-element_type=\"column\">\n\t\t\t<div class=\"elementor-widget-wrap elementor-element-populated\">\n\t\t\t\t\t\t\t\t<div class=\"elementor-element elementor-element-87cbfbc elementor-widget elementor-widget-image\" data-id=\"87cbfbc\" data-element_type=\"widget\" data-widget_type=\"image.default\">\n\t\t\t\t<div class=\"elementor-widget-container\">\n\t\t\t\t\t<div class=\"elementor-image\">\n\t\t\t\t\t\t\t\t\t\t<img width=\"500\" height=\"500\" src=\"https:\/\/monenveloppebulles.fr\/wp-content\/uploads\/2021\/04\/Monenveloppebulles-1.png\" class=\"attachment-large size-large\" alt=\"\" loading=\"lazy\" srcset=\"https:\/\/monenveloppebulles.fr\/wp-content\/uploads\/2021\/04\/Monenveloppebulles-1.png 500w, https:\/\/monenveloppebulles.fr\/wp-content\/uploads\/2021\/04\/Monenveloppebulles-1-300x300.png 300w, https:\/\/monenveloppebulles.fr\/wp-content\/uploads\/2021\/04\/Monenveloppebulles-1-150x150.png 150w\" sizes=\"(max-width: 500px) 100vw, 500px\" \/>\t\t\t\t\t\t\t\t\t\t\t<\/div>\n\t\t\t\t<\/div>\n\t\t\t\t<\/div>\n\t\t\t\t\t<\/div>\n\t\t<\/div>\n\t\t\t\t<div class=\"elementor-column elementor-col-50 elementor-top-column elementor-element elementor-element-9eed229\" data-id=\"9eed229\" data-element_type=\"column\">\n\t\t\t<div class=\"elementor-widget-wrap elementor-element-populated\">\n\t\t\t\t\t\t\t\t<div class=\"elementor-element elementor-element-fde4bbf elementor-widget elementor-widget-text-editor\" data-id=\"fde4bbf\" data-element_type=\"widget\" data-widget_type=\"text-editor.default\">\n\t\t\t\t<div class=\"elementor-widget-container\">\n\t\t\t\t\t<div class=\"elementor-text-editor elementor-clearfix\"><p><span style=\"font-size: inherit; color: #37221f; font-family: Ovo, sans-serif; font-style: italic; text-align: justify;\">Les mots du fondateur:&nbsp;<\/span><\/p>\n<p style=\"margin-bottom: 10px; font-size: 14px; color: #37221f; font-family: Ovo, sans-serif; font-style: italic; text-align: justify;\"><span style=\"font-size: inherit;\">\u00ab&nbsp;<\/span><span style=\"font-size: inherit;\">La technologie permet de cr\u00e9er de nouveaux usages et de nous faciliter notre quotidien. Mais attention de ne pas confondre l\u2019utile et le superflus non n\u00e9cessaire. Chez Monenveloppebulles, situ\u00e9s \u00e0 Nantes, nous sommes convaincus que l\u2019humain doit rester au centre et que les innovations doivent \u00eatre \u00e0 son service. C\u2019est pourquoi, nous d\u00e9veloppons de nouvelles solutions afin de vous faciliter l\u2019achat de vos emballages personnalis\u00e9s. Au del\u00e0 de vous proposer un produit remarquable nous vous offrons une \u00e9coute et un accompagnement sur mesure. Vous ne serez pas qu\u2019un num\u00e9ro client !\u201d<\/span><\/p>\n<p style=\"margin-bottom: 10px; font-size: 14px; color: #37221f; font-family: Ovo, sans-serif; font-style: italic; text-align: justify;\"><o:p><\/o:p><\/p>\n<p style=\"margin-bottom: 10px; font-size: 14px; color: #37221f; font-family: Ovo, sans-serif; font-style: italic; text-align: justify;\"><span style=\"font-size: inherit;\">Mon enveloppe Bulles est une marque de Pack-e.<\/span><\/p><\/div>\n\t\t\t\t<\/div>\n\t\t\t\t<\/div>\n\t\t\t\t\t<\/div>\n\t\t<\/div>\n\t\t\t\t\t\t\t<\/div>\n\t\t<\/section>\n\t\t\t\t<section class=\"elementor-section elementor-top-section elementor-element elementor-element-e27a63e elementor-section-boxed elementor-section-height-default elementor-section-height-default\" data-id=\"e27a63e\" data-element_type=\"section\">\n\t\t\t\t\t\t<div class=\"elementor-container elementor-column-gap-default\">\n\t\t\t\t\t<div class=\"elementor-column elementor-col-100 elementor-top-column elementor-element elementor-element-d1fd3b9\" data-id=\"d1fd3b9\" data-element_type=\"column\">\n\t\t\t<div class=\"elementor-widget-wrap elementor-element-populated\">\n\t\t\t\t\t\t\t\t<div class=\"elementor-element elementor-element-2007894 elementor-widget elementor-widget-spacer\" data-id=\"2007894\" data-element_type=\"widget\" data-widget_type=\"spacer.default\">\n\t\t\t\t<div class=\"elementor-widget-container\">\n\t\t\t\t\t<div class=\"elementor-spacer\">\n\t\t\t<div class=\"elementor-spacer-inner\"><\/div>\n\t\t<\/div>\n\t\t\t\t<\/div>\n\t\t\t\t<\/div>\n\t\t\t\t<div class=\"elementor-element elementor-element-21f7e97 elementor-widget elementor-widget-heading\" data-id=\"21f7e97\" data-element_type=\"widget\" data-widget_type=\"heading.default\">\n\t\t\t\t<div class=\"elementor-widget-container\">\n\t\t\t<h2 class=\"elementor-heading-title elementor-size-default\">Ils nous font confiance<\/h2>\t\t<\/div>\n\t\t\t\t<\/div>\n\t\t\t\t<div class=\"elementor-element elementor-element-4bb616f elementor-arrows-position-inside elementor-pagination-position-outside elementor-widget elementor-widget-image-carousel\" data-id=\"4bb616f\" data-element_type=\"widget\" data-settings=\"{&quot;navigation&quot;:&quot;both&quot;,&quot;autoplay&quot;:&quot;yes&quot;,&quot;pause_on_hover&quot;:&quot;yes&quot;,&quot;pause_on_interaction&quot;:&quot;yes&quot;,&quot;autoplay_speed&quot;:5000,&quot;infinite&quot;:&quot;yes&quot;,&quot;speed&quot;:500}\" data-widget_type=\"image-carousel.default\">\n\t\t\t\t<div class=\"elementor-widget-container\">\n\t\t\t\t\t<div class=\"elementor-image-carousel-wrapper swiper-container\" dir=\"ltr\">\n\t\t\t<div class=\"elementor-image-carousel swiper-wrapper\">\n\t\t\t\t<div class=\"swiper-slide\"><figure class=\"swiper-slide-inner\"><img class=\"swiper-slide-image\" src=\"https:\/\/monenveloppebulles.fr\/wp-content\/uploads\/2021\/04\/telechargement-removebg-preview-150x150.png\" alt=\"t\u00e9l\u00e9chargement-removebg-preview\" \/><\/figure><\/div><div class=\"swiper-slide\"><figure class=\"swiper-slide-inner\"><img class=\"swiper-slide-image\" src=\"https:\/\/monenveloppebulles.fr\/wp-content\/uploads\/2021\/04\/unnamed-removebg-preview-150x150.png\" alt=\"unnamed-removebg-preview\" \/><\/figure><\/div><div class=\"swiper-slide\"><figure class=\"swiper-slide-inner\"><img class=\"swiper-slide-image\" src=\"https:\/\/monenveloppebulles.fr\/wp-content\/uploads\/2021\/04\/gamecash_illicado5db7044d108c1-removebg-preview-150x150.png\" alt=\"gamecash_illicado5db7044d108c1-removebg-preview\" \/><\/figure><\/div><div class=\"swiper-slide\"><figure class=\"swiper-slide-inner\"><img class=\"swiper-slide-image\" src=\"https:\/\/monenveloppebulles.fr\/wp-content\/uploads\/2021\/04\/First-seller-150x150.png\" alt=\"First seller\" \/><\/figure><\/div><div class=\"swiper-slide\"><figure class=\"swiper-slide-inner\"><img class=\"swiper-slide-image\" src=\"https:\/\/monenveloppebulles.fr\/wp-content\/uploads\/2021\/04\/Media-clinic-1-150x150.png\" alt=\"Media clinic\" \/><\/figure><\/div>\t\t\t<\/div>\n\t\t\t\t\t\t\t\t\t\t\t\t<div class=\"swiper-pagination\"><\/div>\n\t\t\t\t\t\t\t\t\t\t\t\t\t<div class=\"elementor-swiper-button elementor-swiper-button-prev\">\n\t\t\t\t\t\t<i class=\"eicon-chevron-left\" aria-hidden=\"true\"><\/i>\n\t\t\t\t\t\t<span class=\"elementor-screen-only\">Pr\u00e9c\u00e9dent<\/span>\n\t\t\t\t\t<\/div>\n\t\t\t\t\t<div class=\"elementor-swiper-button elementor-swiper-button-next\">\n\t\t\t\t\t\t<i class=\"eicon-chevron-right\" aria-hidden=\"true\"><\/i>\n\t\t\t\t\t\t<span class=\"elementor-screen-only\">Suivant<\/span>\n\t\t\t\t\t<\/div>\n\t\t\t\t\t\t\t\t\t<\/div>\n\t\t\t\t<\/div>\n\t\t\t\t<\/div>\n\t\t\t\t\t<\/div>\n\t\t<\/div>\n\t\t\t\t\t\t\t<\/div>\n\t\t<\/section>\n\t\t\t\t\t\t<\/div>\n\t\t\t\t\t<\/div>\n\t\t","protected":false},"excerpt":{"rendered":"<p>Rate this page A propos de Mon enveloppe bulles Les mots du fondateur:&nbsp; \u00ab&nbsp;La technologie permet de cr\u00e9er de nouveaux usages et de nous faciliter notre quotidien. Mais attention de ne pas confondre l\u2019utile et le superflus non n\u00e9cessaire. Chez Monenveloppebulles, situ\u00e9s \u00e0 Nantes, nous sommes convaincus que l\u2019humain doit [&hellip;]<\/p>\n","protected":false},"author":1,"featured_media":0,"parent":0,"menu_order":0,"comment_status":"closed","ping_status":"closed","template":"page-templates\/template-pagebuilder-full-width.php","meta":[],"yoast_head":"<!-- This site is optimized with the Yoast SEO plugin v16.1 - https:\/\/yoast.com\/wordpress\/plugins\/seo\/ -->\n<title>A propos - www.monenveloppebulles.fr<\/title>\n<link rel=\"canonical\" href=\"https:\/\/monenveloppebulles.fr\/index.php\/a-propos\/\" \/>\n<meta property=\"og:locale\" content=\"fr_FR\" \/>\n<meta property=\"og:type\" content=\"article\" \/>\n<meta property=\"og:title\" content=\"A propos - www.monenveloppebulles.fr\" \/>\n<meta property=\"og:description\" content=\"Rate this page A propos de Mon enveloppe bulles Les mots du fondateur:&nbsp; \u00ab&nbsp;La technologie permet de cr\u00e9er de nouveaux usages et de nous faciliter notre quotidien. Mais attention de ne pas confondre l\u2019utile et le superflus non n\u00e9cessaire. Chez Monenveloppebulles, situ\u00e9s \u00e0 Nantes, nous sommes convaincus que l\u2019humain doit [&hellip;]\" \/>\n<meta property=\"og:url\" content=\"https:\/\/monenveloppebulles.fr\/index.php\/a-propos\/\" \/>\n<meta property=\"og:site_name\" content=\"www.monenveloppebulles.fr\" \/>\n<meta property=\"article:modified_time\" content=\"2021-04-13T07:55:36+00:00\" \/>\n<meta property=\"og:image\" content=\"http:\/\/monenveloppebulles.fr\/wp-content\/uploads\/2021\/04\/Monenveloppebulles-1.png\" \/>\n<meta name=\"twitter:card\" content=\"summary_large_image\" \/>\n<meta name=\"twitter:label1\" content=\"Dur\u00e9e de lecture est.\">\n\t<meta name=\"twitter:data1\" content=\"3 minutes\">\n<script type=\"application\/ld+json\" class=\"yoast-schema-graph\">{\"@context\":\"https:\/\/schema.org\",\"@graph\":[{\"@type\":\"WebSite\",\"@id\":\"https:\/\/monenveloppebulles.fr\/#website\",\"url\":\"https:\/\/monenveloppebulles.fr\/\",\"name\":\"www.monenveloppebulles.fr\",\"description\":\"Prot\\u00e9gez vos envois\",\"potentialAction\":[{\"@type\":\"SearchAction\",\"target\":\"https:\/\/monenveloppebulles.fr\/?s={search_term_string}\",\"query-input\":\"required name=search_term_string\"}],\"inLanguage\":\"fr-FR\"},{\"@type\":\"ImageObject\",\"@id\":\"https:\/\/monenveloppebulles.fr\/index.php\/a-propos\/#primaryimage\",\"inLanguage\":\"fr-FR\",\"url\":\"http:\/\/monenveloppebulles.fr\/wp-content\/uploads\/2021\/04\/Monenveloppebulles-1.png\",\"contentUrl\":\"http:\/\/monenveloppebulles.fr\/wp-content\/uploads\/2021\/04\/Monenveloppebulles-1.png\"},{\"@type\":\"WebPage\",\"@id\":\"https:\/\/monenveloppebulles.fr\/index.php\/a-propos\/#webpage\",\"url\":\"https:\/\/monenveloppebulles.fr\/index.php\/a-propos\/\",\"name\":\"A propos - www.monenveloppebulles.fr\",\"isPartOf\":{\"@id\":\"https:\/\/monenveloppebulles.fr\/#website\"},\"primaryImageOfPage\":{\"@id\":\"https:\/\/monenveloppebulles.fr\/index.php\/a-propos\/#primaryimage\"},\"datePublished\":\"2021-04-09T08:22:16+00:00\",\"dateModified\":\"2021-04-13T07:55:36+00:00\",\"breadcrumb\":{\"@id\":\"https:\/\/monenveloppebulles.fr\/index.php\/a-propos\/#breadcrumb\"},\"inLanguage\":\"fr-FR\",\"potentialAction\":[{\"@type\":\"ReadAction\",\"target\":[\"https:\/\/monenveloppebulles.fr\/index.php\/a-propos\/\"]}]},{\"@type\":\"BreadcrumbList\",\"@id\":\"https:\/\/monenveloppebulles.fr\/index.php\/a-propos\/#breadcrumb\",\"itemListElement\":[{\"@type\":\"ListItem\",\"position\":1,\"item\":{\"@type\":\"WebPage\",\"@id\":\"https:\/\/monenveloppebulles.fr\/\",\"url\":\"https:\/\/monenveloppebulles.fr\/\",\"name\":\"Accueil\"}},{\"@type\":\"ListItem\",\"position\":2,\"item\":{\"@type\":\"WebPage\",\"@id\":\"https:\/\/monenveloppebulles.fr\/index.php\/a-propos\/\",\"url\":\"https:\/\/monenveloppebulles.fr\/index.php\/a-propos\/\",\"name\":\"A propos\"}}]}]}<\/script>\n<!-- \/ Yoast SEO plugin. -->","amp_validity":null,"amp_enabled":true,"_links":{"self":[{"href":"https:\/\/monenveloppebulles.fr\/index.php\/wp-json\/wp\/v2\/pages\/288"}],"collection":[{"href":"https:\/\/monenveloppebulles.fr\/index.php\/wp-json\/wp\/v2\/pages"}],"about":[{"href":"https:\/\/monenveloppebulles.fr\/index.php\/wp-json\/wp\/v2\/types\/page"}],"author":[{"embeddable":true,"href":"https:\/\/monenveloppebulles.fr\/index.php\/wp-json\/wp\/v2\/users\/1"}],"replies":[{"embeddable":true,"href":"https:\/\/monenveloppebulles.fr\/index.php\/wp-json\/wp\/v2\/comments?post=288"}],"version-history":[{"count":25,"href":"https:\/\/monenveloppebulles.fr\/index.php\/wp-json\/wp\/v2\/pages\/288\/revisions"}],"predecessor-version":[{"id":395,"href":"https:\/\/monenveloppebulles.fr\/index.php\/wp-json\/wp\/v2\/pages\/288\/revisions\/395"}],"wp:attachment":[{"href":"https:\/\/monenveloppebulles.fr\/index.php\/wp-json\/wp\/v2\/media?parent=288"}],"curies":[{"name":"wp","href":"https:\/\/api.w.org\/{rel}","templated":true}]}}